{"id":844,"date":"2025-09-19T19:13:08","date_gmt":"2025-09-19T19:13:08","guid":{"rendered":"https:\/\/pazardergisi.com\/?page_id=844"},"modified":"2025-09-19T19:13:08","modified_gmt":"2025-09-19T19:13:08","slug":"kullanim-kosullari","status":"publish","type":"page","link":"https:\/\/pazardergisi.com\/index.php\/kullanim-kosullari\/","title":{"rendered":"Kullan\u0131m Ko\u015fullar\u0131"},"content":{"rendered":"\n<p><strong>Pazar Dergisi<\/strong> a\u011flar\u0131nda y\u00f6neticilerin \u00fcretti\u011fi yaz\u0131 i\u00e7eren bilgi ve belgeler herhangi bir k\u00e2r amac\u0131yla da\u011f\u0131t\u0131lamaz. Ba\u015fka kurum yada kurulu\u015flarca dok\u00fcmanlar\u0131nda yay\u0131nlanamaz.<\/p>\n\n\n\n<p>Tan\u0131m <strong>Pazar Dergisi<\/strong> projesi (\u201cPazardergisi.com\u201d), kullan\u0131c\u0131lar\u0131na internet ortam\u0131nda, mobil telefonlarda veya benzer platformlarda geli\u015ftirilebilen uygulamalardan deneyim payla\u015f\u0131m\u0131, e-g\u00fcnl\u00fck (blog), haber payla\u015f\u0131m\u0131, yorum ve tart\u0131\u015fma imkan\u0131 tan\u0131yan ve buna ili\u015fkin sair i\u00e7erik sunan sosyal network (a\u011f) servisidir.<\/p>\n\n\n\n<p>Pazardergisi.com hizmetlerinin suiistimal edildi\u011fini d\u00fc\u015f\u00fcn\u00fcyorsan\u0131z veya yay\u0131nlanan bilgilerden rahats\u0131z oluyorsan\u0131z Pazardergisi.com\/iletisim adresinden Pazardergisi.com ile irtibata ge\u00e7meniz rica olunur.<br>Kullan\u0131m Amac\u0131\u2028 Kullan\u0131c\u0131lar, Pazardergisi.com sistemi \u00fczerinde yap\u0131lan payla\u015f\u0131mlar\u0131n, yay\u0131mlanan yaz\u0131lar\u0131n ve g\u00f6r\u00fcnt\u00fclerin yaln\u0131zca ki\u015fisel yorum, payla\u015f\u0131m veya tart\u0131\u015fma ama\u00e7l\u0131 oldu\u011funu, bunlar\u0131n d\u0131\u015f\u0131nda \u00f6zellikle reklam ve tan\u0131t\u0131m gibi herhangi bir ama\u00e7 g\u00fctmeyeceklerini kabul ederler.<br>Pazardergisi.com taraf\u0131ndan sa\u011flanan hizmetlerde baz\u0131 hallerde 18 ya\u015f\u0131ndan b\u00fcy\u00fcklere ait i\u00e7erik yer alabilecektir, bu i\u00e7eri\u011fin usule ayk\u0131r\u0131 \u015fekilde g\u00f6r\u00fcnt\u00fclenmesi sebebiyle Pazardergisi.com sorumlu tutulamaz.<\/p>\n\n\n\n<p>Kullan\u0131m Ko\u015fullar\u0131\u2028 \u0130zin verilen Pazardergisi.com kullan\u0131c\u0131s\u0131, kendisinin ad\u0131 soyad\u0131n\u0131 ve e-posta adresini ilgili alanlara girerek Pazardergisi.com \u00fczerinden Site Kullan\u0131m Ko\u015fullar\u0131 s\u0131n\u0131rlar\u0131 \u00e7er\u00e7evesinde diledi\u011fi gibi payla\u015f\u0131m yapabilir, yaz\u0131 ve g\u00f6r\u00fcnt\u00fc yay\u0131mlayabilir.<br>Kullan\u0131c\u0131, Pazardergisi.com hizmetlerinden yararland\u0131\u011f\u0131 s\u0131rada, E-posta adresiyle yapaca\u011f\u0131 her t\u00fcrl\u00fc i\u015flemden bizzat kendisi sorumludur.<\/p>\n\n\n\n<p>Pazardergisi.com taraf\u0131ndan verilen hizmetlerin ve yaz\u0131l\u0131mlar\u0131n telif hakk\u0131 Pazardergisi.com\u2019a ait oldu\u011fundan, bu yaz\u0131l\u0131mlar\u0131 hi\u00e7bir \u015fekilde \u00e7o\u011falt\u0131p, da\u011f\u0131tmamal\u0131d\u0131r.\u2028Pazardergisi.com hizmetlerini kulland\u0131\u011f\u0131nda ileri s\u00fcrd\u00fc\u011f\u00fc \u015fahsi fikir, d\u00fc\u015f\u00fcnce, ifade, Pazardergisi.com ortam\u0131na ekledi\u011fi dosyalar\u0131n, g\u00f6nderdi\u011fi ki\u015fisel bilgilerinin sorumlulu\u011fu kendisine aittir ve di\u011fer kullan\u0131c\u0131larla olu\u015fabilecek ihtilaflar dahil ancak bunlarla s\u0131n\u0131rl\u0131 olmamak \u00fczere Pazardergisi.com\u2019un bu dosyalardan dolay\u0131 hi\u00e7bir \u015fekilde sorumlu tutulamayaca\u011f\u0131n\u0131, Pazardergisi.com\u2019un bu g\u00f6r\u00fc\u015f ve d\u00fc\u015f\u00fcnceleri yay\u0131mlay\u0131p, yay\u0131mlamamakta serbest oldu\u011funu ayr\u0131ca bu g\u00f6r\u00fc\u015f ve yorumlar\u0131 moderat\u00f6rler arac\u0131l\u0131\u011f\u0131yla d\u00fczenleyip, imla hatalar\u0131n\u0131 d\u00fczeltme hakk\u0131 bulundu\u011funu kabul eder.\u2028Pazardergisi.com\u2019da sunulan hizmetlere Pazardergisi.com taraf\u0131ndan belirlenen \u015fekil d\u0131\u015f\u0131nda ve\/veya yetkisiz \u015fekilde ula\u015fmamay\u0131 ve yaz\u0131l\u0131m\u0131 hi\u00e7bir \u015fekilde de\u011fi\u015ftirmemeyi, de\u011fi\u015ftirilmi\u015f oldu\u011fu belli olanlar\u0131 kullanmamay\u0131 kabul eder.\u2028Tehdit edici, ahlak d\u0131\u015f\u0131, \u0131rk\u00e7\u0131, T\u00fcrkiye Cumhuriyeti kanunlar\u0131na, uluslararas\u0131 anla\u015fmalara ayk\u0131r\u0131 i\u00e7eri\u011fe sahip mesaj veya yorum g\u00f6ndermemelidir.\u2028Ortama eklenecek yaz\u0131\u015fma, konu ba\u015fl\u0131klar\u0131, rumuzlar\u0131n genel ahlak, g\u00f6rg\u00fc ve hukuk kurallar\u0131na uygun olmas\u0131n\u0131 ve s\u00f6z konusu yaz\u0131\u015fmalar ile ilgili t\u00fcm yay\u0131mlama, i\u015fleme ve \u00e7o\u011faltma, yayma, temsil, i\u015faret, ses ve\/veya g\u00f6r\u00fcnt\u00fc nakline yarayan ara\u00e7larla umuma iletim, \u00fc\u00e7\u00fcnc\u00fc ki\u015filere devir ve temlik haklar\u0131 d\u00e2hil olmak \u00fczere 5846 say\u0131l\u0131 ve 5.12.1951 tarihli Fikir ve Sanat Eserleri Kanunu\u2019nda say\u0131lan t\u00fcm mali haklar\u0131n Pazardergisi.com\u2019a devredildi\u011fini kabul eder. \u2028Di\u011fer kullan\u0131c\u0131lar\u0131 taciz ve tehdit etmemelidir.\u2028Di\u011fer kullan\u0131c\u0131lar\u0131n Pazardergisi.com sistemini kullanmas\u0131n\u0131 olumsuz etkileyecek \u015fekilde davranmamal\u0131d\u0131r.\u2028Ki\u015fi veya kurumlar\u0131n isimlerini lekeleyici, \u00e7i\u011fneyici, ahlaka ayk\u0131r\u0131, yak\u0131\u015f\u0131ks\u0131z veya kanun d\u0131\u015f\u0131 materyal veya bilgiler yay\u0131mlamamal\u0131, bas\u0131p \u00e7o\u011falt\u0131p, da\u011f\u0131tmamal\u0131d\u0131r.\u2028Reklam yapmamal\u0131, herhangi bir mal veya hizmet satmamal\u0131 veya sat\u0131lmas\u0131na y\u00f6nelik teklifte bulunmamal\u0131, anket, yar\u0131\u015fma veya zincir mektup faaliyetlerinde bulunmamal\u0131d\u0131r.\u2028Di\u011fer kullan\u0131c\u0131lar\u0131n bilgisayar\u0131ndaki bilgilere veya yaz\u0131l\u0131ma zarar verecek bilgi veya programlar g\u00f6ndermemelidir.\u2028Pazardergisi.com\u2019dan izin almadan Pazardergisi.com i\u00e7eri\u011fini, hizmetlerini, ve sair fikri m\u00fclkiyet hakk\u0131na tabi varl\u0131klar\u0131n\u0131 ki\u015fisel veya ticari ama\u00e7la kullanmamal\u0131d\u0131r. \u2028Kurallara ayk\u0131r\u0131 davrand\u0131\u011f\u0131 takdirde Pazardergisi.com\u2019un gerekli m\u00fcdahalelerde bulunma ve kullan\u0131c\u0131y\u0131 hizmet d\u0131\u015f\u0131na \u00e7\u0131karma hakk\u0131na sahip oldu\u011funu kabul eder.\u2028Kanunlara g\u00f6re iletilmesi yasak olan bilgileri iletmemeyi ve zincir posta (chain mail), yaz\u0131l\u0131m vir\u00fcs\u00fc (vb.) gibi g\u00f6nderilme yetkisi olmayan verileri payla\u015fmamal\u0131d\u0131r.\u2028Ba\u015fkalar\u0131na ait ki\u015fisel bilgileri kay\u0131t etmemeli, yaymamal\u0131, k\u00f6t\u00fcye kullanmamal\u0131d\u0131r.<\/p>\n\n\n\n<p>Pazardergisi.com sisteminde \u00e7erez (cookie\/tan\u0131mlama bilgileri) kullan\u0131ld\u0131\u011f\u0131n\u0131, \u00e7erezlerin bir internet sitesinin kullan\u0131c\u0131n\u0131n bilgisayar\u0131ndaki sabit diskte \u00e7erez dosyas\u0131na aktard\u0131\u011f\u0131 bilgi par\u00e7alar\u0131 oldu\u011funu, bunlar\u0131n kullan\u0131c\u0131lar\u0131n Pazardergisi.com\u2019da gezinmesine olanak sa\u011flad\u0131\u011f\u0131n\u0131 ve gerekti\u011finde siteye eri\u015fen kullan\u0131c\u0131lar\u0131n ihtiya\u00e7lar\u0131na uygun i\u00e7eriklerin haz\u0131rlanmas\u0131na yard\u0131mc\u0131 oldu\u011funu kabul eder.\u2028Pazardergisi.com\u2019nun Yetkileri\u2028Pazardergisi.com herhangi bir zamanda sistemin \u00e7al\u0131\u015fmas\u0131n\u0131 ge\u00e7ici bir s\u00fcre ask\u0131ya alabilir veya tamamen durdurabilir.\u2028 Sistemin ge\u00e7ici bir s\u00fcre ask\u0131ya al\u0131nmas\u0131 veya tamamen durdurulmas\u0131ndan dolay\u0131 Pazardergisi.com\u2019un kullan\u0131c\u0131lar\u0131na veya \u00fc\u00e7\u00fcnc\u00fc ki\u015filere kar\u015f\u0131 hi\u00e7bir sorumlulu\u011fu olmayacakt\u0131r.\u2028 Ayr\u0131ca Pazardergisi.com, hizmetlerinin zaman\u0131nda, g\u00fcvenli ve hatas\u0131z olarak sunulmas\u0131, hizmet kullan\u0131m\u0131ndan elde edilen sonu\u00e7lar\u0131n do\u011fru ve g\u00fcvenilir olmas\u0131, hizmet kalitesinin beklentilere cevap vermesi i\u00e7in gerekli \u00f6zeni g\u00f6sterecektir ancak bunlar\u0131 taahh\u00fct etmemektedir.\u2028Pazardergisi.com kullan\u0131c\u0131lar\u0131n sistemden yararlanmalar\u0131 s\u0131ras\u0131nda ortamda bulunduracaklar\u0131 dosyalar\u0131n, mesajlar\u0131n baz\u0131lar\u0131n\u0131 veya tamam\u0131n\u0131 uygun g\u00f6rece\u011fi periyotlarla yedekleme ve silme yetkisine sahiptir. Yedekleme ve silme i\u015flemlerinden dolay\u0131 Pazardergisi.com sorumlu tutulmayacakt\u0131r.\u2028Pazardergisi.com kendi \u00fcretti\u011fi ve\/veya d\u0131\u015fardan sat\u0131n ald\u0131\u011f\u0131 bilgi, belge, yaz\u0131l\u0131m, tasar\u0131m, grafik vb. eserlerin m\u00fclkiyet ve m\u00fclkiyetten do\u011fan telif haklar\u0131na sahiptir.\u2028 Pazardergisi.com kullan\u0131c\u0131lar\u0131n\u0131n \u00fcretti\u011fi ve yay\u0131nlanmak \u00fczere kendi iradesiyle sisteme y\u00fckledi\u011fi (\u00f6rne\u011fin panoya ekledi\u011fi mesaj, \u015fiir, haber, dosya gibi) bilgi, belge, yaz\u0131l\u0131m, tasar\u0131m, grafik vb. eserlerin her t\u00fcrl\u00fc yaz\u0131l\u0131 ve g\u00f6rsel mecrada yay\u0131nlanma, i\u015fleme, sosyal medya a\u011flar\u0131nda payla\u015fma ve\/veya Pazardergisi.com sistemi i\u00e7inde Pazardergisi.com taraf\u0131ndan uygun g\u00f6r\u00fclecek ba\u015fka bir adrese ta\u015f\u0131ma haklar\u0131na sahiptir. Yay\u0131nlanan bu bilgilerin ba\u015fka kullan\u0131c\u0131lar taraf\u0131ndan kopyalanmas\u0131, i\u015flenmesi ve\/veya yay\u0131nlanmas\u0131 ihtimal d\u00e2hilindedir. Bu hallerde kullan\u0131c\u0131, Pazardergisi.com\u2019dan hi\u00e7bir telif \u00fccreti ve hakk\u0131 talep etmeyecektir.<\/p>\n\n\n\n<p>Pazardergisi.com, kullan\u0131c\u0131n\u0131n Pazardergisi.com sistemi d\u0131\u015f\u0131ndaki web-sitelerine ge\u00e7i\u015fini sa\u011flayabilir. Bu takdirde kullan\u0131c\u0131 ge\u00e7i\u015f yapaca\u011f\u0131 sitelerin i\u00e7eri\u011finden Pazardergisi.com\u2019un sorumlu olmad\u0131\u011f\u0131n\u0131 pe\u015finen kabul eder.\u2028Pazardergisi.com kullan\u0131c\u0131 \u00fcyeli\u011fi gerektirmeyen hizmetleri zaman i\u00e7inde \u00fcyelik gerektiren bir hale d\u00f6n\u00fc\u015ft\u00fcr\u00fclebilir, ilave hizmetler a\u00e7abilir, baz\u0131 hizmetlerini k\u0131smen veya tamamen de\u011fi\u015ftirebilir veya \u00fccretli hale d\u00f6n\u00fc\u015ft\u00fcrebilir.\u2028 Pazardergisi.com, kanuna uygun \u015fekilde talep edildi\u011fi takdirde kullan\u0131c\u0131 ki\u015fisel bilgilerini talep eden tarafa vermekle y\u00fck\u00fcml\u00fcd\u00fcr.\u2028 Bilgilerin Saklanmas\u0131 ve \u0130spat Y\u00fck\u00fcml\u00fcl\u00fc\u011f\u00fc\u2028Pazardergisi.com, sisteminin kullan\u0131lmas\u0131 ile olu\u015facak data ve verilerin t\u00fcm fikri haklar\u0131na sahiptir. Pazardergisi.com s\u00f6z konusu bilgilerle kullan\u0131c\u0131 bilgilerini a\u00e7\u0131klamadan demografik bilgiler i\u00e7eren raporlar d\u00fczenleyebilir veya bu tarz bilgileri veya raporlar\u0131 kendisi kullanabilir ve bu rapor ve\/veya istatistikleri i\u015f ortaklar\u0131 ile \u00fc\u00e7\u00fcnc\u00fc ki\u015filerle bedelli veya bedelsiz payla\u015fabilir. Bu i\u015flemler Pazardergisi.com Gizlilik Politikas\u0131 h\u00fck\u00fcmlerine ayk\u0131r\u0131l\u0131k te\u015fkil etmez.<\/p>\n\n\n\n<p>Pazardergisi.com sisteminde kay\u0131tl\u0131 kullan\u0131c\u0131 bilgileri (kullan\u0131c\u0131 isim, soyad\u0131, e-mail adresi ve sair bilgiler), kullan\u0131c\u0131lar\u0131n yapt\u0131klar\u0131 yorum\/de\u011ferlendirmeler, payla\u015f\u0131mlar, yay\u0131mlad\u0131klar\u0131 di\u011fer yaz\u0131 ve resimler vb. Pazardergisi.com Gizlilik Politikas\u0131\u2019na tabi olacak \u015fekilde en az \u00fc\u00e7 (3) y\u0131l boyunca saklan\u0131r.<\/p>\n\n\n\n<p><\/p>\n","protected":false},"excerpt":{"rendered":"<p>Pazar Dergisi a\u011flar\u0131nda y\u00f6neticilerin \u00fcretti\u011fi yaz\u0131 i\u00e7eren bilgi ve belgeler herhangi bir k\u00e2r amac\u0131yla da\u011f\u0131t\u0131lamaz. Ba\u015fka kurum yada kurulu\u015flarca dok\u00fcmanlar\u0131nda yay\u0131nlanamaz. Tan\u0131m Pazar Dergisi projesi (\u201cPazardergisi.com\u201d), kullan\u0131c\u0131lar\u0131na internet ortam\u0131nda, mobil telefonlarda veya benzer platformlarda geli\u015ftirilebilen uygulamalardan deneyim payla\u015f\u0131m\u0131, e-g\u00fcnl\u00fck (blog), haber payla\u015f\u0131m\u0131, yorum ve tart\u0131\u015fma imkan\u0131 tan\u0131yan ve buna ili\u015fkin sair i\u00e7erik sunan sosyal network [&hellip;]<\/p>\n","protected":false},"author":1,"featured_media":0,"parent":0,"menu_order":0,"comment_status":"closed","ping_status":"closed","template":"","meta":{"footnotes":""},"class_list":["post-844","page","type-page","status-publish","hentry"],"_links":{"self":[{"href":"https:\/\/pazardergisi.com\/index.php\/wp-json\/wp\/v2\/pages\/844","targetHints":{"allow":["GET"]}}],"collection":[{"href":"https:\/\/pazardergisi.com\/index.php\/wp-json\/wp\/v2\/pages"}],"about":[{"href":"https:\/\/pazardergisi.com\/index.php\/wp-json\/wp\/v2\/types\/page"}],"author":[{"embeddable":true,"href":"https:\/\/pazardergisi.com\/index.php\/wp-json\/wp\/v2\/users\/1"}],"replies":[{"embeddable":true,"href":"https:\/\/pazardergisi.com\/index.php\/wp-json\/wp\/v2\/comments?post=844"}],"version-history":[{"count":1,"href":"https:\/\/pazardergisi.com\/index.php\/wp-json\/wp\/v2\/pages\/844\/revisions"}],"predecessor-version":[{"id":845,"href":"https:\/\/pazardergisi.com\/index.php\/wp-json\/wp\/v2\/pages\/844\/revisions\/845"}],"wp:attachment":[{"href":"https:\/\/pazardergisi.com\/index.php\/wp-json\/wp\/v2\/media?parent=844"}],"curies":[{"name":"wp","href":"https:\/\/api.w.org\/{rel}","templated":true}]}}