{"id":840,"date":"2025-09-19T19:02:58","date_gmt":"2025-09-19T19:02:58","guid":{"rendered":"https:\/\/pazardergisi.com\/?page_id=840"},"modified":"2025-09-22T14:46:24","modified_gmt":"2025-09-22T14:46:24","slug":"reklam","status":"publish","type":"page","link":"https:\/\/pazardergisi.com\/index.php\/reklam\/","title":{"rendered":"Reklam"},"content":{"rendered":"\n<p><strong>Pazar Dergisi <\/strong>ile reklam ve i\u015f birli\u011fi talepleriniz i\u00e7in\u00a0<strong>+90 (553) 786 09 52<\/strong>\u00a0numaral\u0131 telefon hatt\u0131m\u0131zdan bizimle ileti\u015fime ge\u00e7ebilirsiniz.<\/p>\n","protected":false},"excerpt":{"rendered":"<p>Pazar Dergisi ile reklam ve i\u015f birli\u011fi talepleriniz i\u00e7in\u00a0+90 (553) 786 09 52\u00a0numaral\u0131 telefon hatt\u0131m\u0131zdan bizimle ileti\u015fime ge\u00e7ebilirsiniz.<\/p>\n","protected":false},"author":1,"featured_media":0,"parent":0,"menu_order":0,"comment_status":"closed","ping_status":"closed","template":"","meta":{"footnotes":""},"class_list":["post-840","page","type-page","status-publish","hentry"],"_links":{"self":[{"href":"https:\/\/pazardergisi.com\/index.php\/wp-json\/wp\/v2\/pages\/840","targetHints":{"allow":["GET"]}}],"collection":[{"href":"https:\/\/pazardergisi.com\/index.php\/wp-json\/wp\/v2\/pages"}],"about":[{"href":"https:\/\/pazardergisi.com\/index.php\/wp-json\/wp\/v2\/types\/page"}],"author":[{"embeddable":true,"href":"https:\/\/pazardergisi.com\/index.php\/wp-json\/wp\/v2\/users\/1"}],"replies":[{"embeddable":true,"href":"https:\/\/pazardergisi.com\/index.php\/wp-json\/wp\/v2\/comments?post=840"}],"version-history":[{"count":2,"href":"https:\/\/pazardergisi.com\/index.php\/wp-json\/wp\/v2\/pages\/840\/revisions"}],"predecessor-version":[{"id":886,"href":"https:\/\/pazardergisi.com\/index.php\/wp-json\/wp\/v2\/pages\/840\/revisions\/886"}],"wp:attachment":[{"href":"https:\/\/pazardergisi.com\/index.php\/wp-json\/wp\/v2\/media?parent=840"}],"curies":[{"name":"wp","href":"https:\/\/api.w.org\/{rel}","templated":true}]}}