{"id":776,"date":"2025-09-19T17:23:21","date_gmt":"2025-09-19T17:23:21","guid":{"rendered":"https:\/\/pazardergisi.com\/?page_id=776"},"modified":"2026-02-17T21:31:16","modified_gmt":"2026-02-17T21:31:16","slug":"kunye","status":"publish","type":"page","link":"https:\/\/pazardergisi.com\/index.php\/kunye\/","title":{"rendered":"K\u00fcnye"},"content":{"rendered":"\n<p class=\"has-text-align-center\"><strong>Yay\u0131nc\u0131<\/strong>: pazardergisi.com<\/p>\n\n\n\n<p class=\"has-text-align-center\"><strong>\u0130mtiyaz Sahibi<\/strong>: Mete G\u00f6kbay\u0131r<\/p>\n\n\n\n<p class=\"has-text-align-center\"><strong>Sorumlu M\u00fcd\u00fcr<\/strong>: \u0130brahim Saltaba\u015f<\/p>\n\n\n\n<p class=\"has-text-align-center\"><strong>Y\u00f6netim Yeri<\/strong>: Kavac\u0131k Mah. Fatih Sultan Mehmet Cd. Tono\u011flu Plaza No:3 Kat:4 Beykoz \/ \u0130stanbul<\/p>\n\n\n\n<p class=\"has-text-align-center\"><strong>Kurumsal E-Posta<\/strong>: info@pazardergisi.com<\/p>\n\n\n\n<p class=\"has-text-align-center\"><strong>Edit\u00f6rler<\/strong>: Naile \u00c7ak\u0131r<\/p>\n\n\n\n<p class=\"has-text-align-center\"><strong>Ulusal Elektronik Tebligat Sistemi Adresi<\/strong>: 15789-87779-79196<\/p>\n\n\n\n<p class=\"has-text-align-center\"><strong>Yer Sa\u011flay\u0131c\u0131 Ticaret \u00dcnvan\u0131<\/strong>: \u00c7izgi Telekom\u00fcnikasyon A.\u015e.<\/p>\n\n\n\n<p class=\"has-text-align-center\"><strong>Yer Sa\u011flay\u0131c\u0131 Adresi<\/strong>: G\u00fclbahar Mah. Elif Sok. No:4 \u015ei\u015fli \/ \u0130stanbul<\/p>\n\n\n\n<p class=\"has-text-align-center\"><\/p>\n\n\n\n<p><\/p>\n","protected":false},"excerpt":{"rendered":"<p>Yay\u0131nc\u0131: pazardergisi.com \u0130mtiyaz Sahibi: Mete G\u00f6kbay\u0131r Sorumlu M\u00fcd\u00fcr: \u0130brahim Saltaba\u015f Y\u00f6netim Yeri: Kavac\u0131k Mah. Fatih Sultan Mehmet Cd. Tono\u011flu Plaza No:3 Kat:4 Beykoz \/ \u0130stanbul Kurumsal E-Posta: info@pazardergisi.com Edit\u00f6rler: Naile \u00c7ak\u0131r Ulusal Elektronik Tebligat Sistemi Adresi: 15789-87779-79196 Yer Sa\u011flay\u0131c\u0131 Ticaret \u00dcnvan\u0131: \u00c7izgi Telekom\u00fcnikasyon A.\u015e. Yer Sa\u011flay\u0131c\u0131 Adresi: G\u00fclbahar Mah. Elif Sok. No:4 \u015ei\u015fli \/ \u0130stanbul<\/p>\n","protected":false},"author":1,"featured_media":0,"parent":0,"menu_order":0,"comment_status":"closed","ping_status":"closed","template":"","meta":{"footnotes":""},"class_list":["post-776","page","type-page","status-publish","hentry"],"_links":{"self":[{"href":"https:\/\/pazardergisi.com\/index.php\/wp-json\/wp\/v2\/pages\/776","targetHints":{"allow":["GET"]}}],"collection":[{"href":"https:\/\/pazardergisi.com\/index.php\/wp-json\/wp\/v2\/pages"}],"about":[{"href":"https:\/\/pazardergisi.com\/index.php\/wp-json\/wp\/v2\/types\/page"}],"author":[{"embeddable":true,"href":"https:\/\/pazardergisi.com\/index.php\/wp-json\/wp\/v2\/users\/1"}],"replies":[{"embeddable":true,"href":"https:\/\/pazardergisi.com\/index.php\/wp-json\/wp\/v2\/comments?post=776"}],"version-history":[{"count":11,"href":"https:\/\/pazardergisi.com\/index.php\/wp-json\/wp\/v2\/pages\/776\/revisions"}],"predecessor-version":[{"id":1088,"href":"https:\/\/pazardergisi.com\/index.php\/wp-json\/wp\/v2\/pages\/776\/revisions\/1088"}],"wp:attachment":[{"href":"https:\/\/pazardergisi.com\/index.php\/wp-json\/wp\/v2\/media?parent=776"}],"curies":[{"name":"wp","href":"https:\/\/api.w.org\/{rel}","templated":true}]}}