{"id":709,"date":"2020-06-29T00:06:08","date_gmt":"2020-06-28T21:06:08","guid":{"rendered":"https:\/\/www.birtema.org\/birportal\/?page_id=709"},"modified":"2020-06-29T00:06:08","modified_gmt":"2020-06-28T21:06:08","slug":"sifremi-degistir","status":"publish","type":"page","link":"https:\/\/pazardergisi.com\/index.php\/sifremi-degistir\/","title":{"rendered":"\u015eifremi De\u011fi\u015ftir"},"content":{"rendered":"","protected":false},"excerpt":{"rendered":"","protected":false},"author":1,"featured_media":0,"parent":0,"menu_order":0,"comment_status":"closed","ping_status":"closed","template":"users\/sifremidegistir.php","meta":{"footnotes":""},"class_list":["post-709","page","type-page","status-publish","hentry"],"_links":{"self":[{"href":"https:\/\/pazardergisi.com\/index.php\/wp-json\/wp\/v2\/pages\/709","targetHints":{"allow":["GET"]}}],"collection":[{"href":"https:\/\/pazardergisi.com\/index.php\/wp-json\/wp\/v2\/pages"}],"about":[{"href":"https:\/\/pazardergisi.com\/index.php\/wp-json\/wp\/v2\/types\/page"}],"author":[{"embeddable":true,"href":"https:\/\/pazardergisi.com\/index.php\/wp-json\/wp\/v2\/users\/1"}],"replies":[{"embeddable":true,"href":"https:\/\/pazardergisi.com\/index.php\/wp-json\/wp\/v2\/comments?post=709"}],"version-history":[{"count":0,"href":"https:\/\/pazardergisi.com\/index.php\/wp-json\/wp\/v2\/pages\/709\/revisions"}],"wp:attachment":[{"href":"https:\/\/pazardergisi.com\/index.php\/wp-json\/wp\/v2\/media?parent=709"}],"curies":[{"name":"wp","href":"https:\/\/api.w.org\/{rel}","templated":true}]}}